{"id":60,"date":"2021-07-19T16:13:34","date_gmt":"2021-07-19T16:13:34","guid":{"rendered":"https:\/\/www.moesphones.de\/?page_id=60"},"modified":"2023-11-28T09:18:21","modified_gmt":"2023-11-28T09:18:21","slug":"fernseher-computer","status":"publish","type":"page","link":"https:\/\/www.moesphones.de\/startseite\/reparaturen\/fernseher-computer\/","title":{"rendered":"Laptops &#038; Computer"},"content":{"rendered":"\t\t<div data-elementor-type=\"wp-page\" data-elementor-id=\"60\" class=\"elementor elementor-60\" data-elementor-settings=\"[]\">\n\t\t\t\t\t\t\t<div class=\"elementor-section-wrap\">\n\t\t\t\t\t\t\t<section data-particle_enable=\"false\" data-particle-mobile-disabled=\"false\" class=\"elementor-section elementor-top-section elementor-element elementor-element-c66d6d7 elementor-section-height-min-height elementor-section-boxed elementor-section-height-default elementor-section-items-middle\" data-id=\"c66d6d7\" data-element_type=\"section\" data-settings=\"{&quot;background_background&quot;:&quot;classic&quot;}\">\n\t\t\t\t\t\t<div class=\"elementor-container elementor-column-gap-default\">\n\t\t\t\t\t<div class=\"elementor-column elementor-col-100 elementor-top-column elementor-element elementor-element-8cb8697\" data-id=\"8cb8697\" data-element_type=\"column\">\n\t\t\t<div class=\"elementor-widget-wrap elementor-element-populated\">\n\t\t\t\t\t\t\t\t<div class=\"elementor-element elementor-element-3775c2f elementor-view-default elementor-invisible elementor-widget elementor-widget-icon\" data-id=\"3775c2f\" data-element_type=\"widget\" data-settings=\"{&quot;_animation&quot;:&quot;fadeInDown&quot;}\" data-widget_type=\"icon.default\">\n\t\t\t\t<div class=\"elementor-widget-container\">\n\t\t\t\t\t<div class=\"elementor-icon-wrapper\">\n\t\t\t<div class=\"elementor-icon\">\n\t\t\t<svg xmlns=\"http:\/\/www.w3.org\/2000\/svg\" id=\"e97e89b1-dd18-404c-a58f-d0c7f3374c6e\" data-name=\"Ebene 1\" viewBox=\"0 0 300 300\"><path d=\"M255.74,99.29H209a4,4,0,0,0,0,8.08h46.78a4,4,0,0,0,0-8.08Z\"><\/path><path d=\"M255.74,120.44H209a4,4,0,0,0,0,8.08h46.78a4,4,0,0,0,0-8.08Z\"><\/path><path d=\"M259.78,145.63a4,4,0,0,0-4-4H209a4,4,0,1,0,0,8.07h46.78A4,4,0,0,0,259.78,145.63Z\"><\/path><path d=\"M232.35,182.76A15.25,15.25,0,1,0,247.6,198,15.27,15.27,0,0,0,232.35,182.76Zm0,22.43a7.18,7.18,0,1,1,7.18-7.18A7.19,7.19,0,0,1,232.35,205.19Z\"><\/path><path d=\"M232.35,219.5a15.26,15.26,0,1,0,15.25,15.26,15.27,15.27,0,0,0-15.25-15.26Zm0,22.43a7.18,7.18,0,1,1,7.18-7.17,7.18,7.18,0,0,1-7.18,7.17Z\"><\/path><path d=\"M202.34,163.86h-5.87a4,4,0,0,0,0,8.07h5.87a4,4,0,1,0,0-8.07Z\"><\/path><path d=\"M226.32,167.9a4,4,0,0,0-4-4h-5.87a4,4,0,1,0,0,8.07h5.87A4,4,0,0,0,226.32,167.9Z\"><\/path><path d=\"M283,159.34a4,4,0,0,0,4-4V94.92a14.38,14.38,0,0,0-14.37-14.36H218.76V61.71a16.59,16.59,0,0,0-16.57-16.57H65.66a4,4,0,0,0,0,8.08H202.19a8.49,8.49,0,0,1,8.49,8.49V80.56H201V69.17a6.26,6.26,0,0,0-6.26-6.26H35.4a6.27,6.27,0,0,0-6.26,6.26V201.59a6.27,6.27,0,0,0,6.26,6.26H49.51a4,4,0,1,0,0-8.08H37.22V71h155.7v9.58h-.86A14.37,14.37,0,0,0,177.7,94.92V199.77h-112a4,4,0,0,0,0,8.08h112v9.69H27.94a8.5,8.5,0,0,1-8.49-8.49V61.71a8.5,8.5,0,0,1,8.49-8.49H49.51a4,4,0,0,0,0-8.08H27.94A16.59,16.59,0,0,0,11.38,61.71V209a16.58,16.58,0,0,0,16.56,16.57H61.62v8.15a7.64,7.64,0,0,0,7.63,7.63H84.91v16.54H69.85a4,4,0,1,0,0,8.07h90.44a4,4,0,1,0,0-8.07H145.22V241.39h15.66a7.64,7.64,0,0,0,7.64-7.63v-8.15h9.18v26A14.37,14.37,0,0,0,192.06,266h80.58A14.37,14.37,0,0,0,287,251.64V171.45a4,4,0,1,0-8.07,0v80.19a6.31,6.31,0,0,1-6.29,6.29H192.06a6.31,6.31,0,0,1-6.29-6.29V94.92a6.3,6.3,0,0,1,6.29-6.29h80.57a6.29,6.29,0,0,1,6.29,6.29v60.39a4,4,0,0,0,4,4ZM137.15,257.93H93V241.39h44.16Zm23.29-24.61H69.69v-7.71h90.75Z\"><\/path><\/svg>\t\t\t<\/div>\n\t\t<\/div>\n\t\t\t\t<\/div>\n\t\t\t\t<\/div>\n\t\t\t\t<div class=\"elementor-element elementor-element-336eb51 elementor-invisible elementor-widget elementor-widget-heading\" data-id=\"336eb51\" data-element_type=\"widget\" data-settings=\"{&quot;_animation&quot;:&quot;fadeInUp&quot;}\" data-widget_type=\"heading.default\">\n\t\t\t\t<div class=\"elementor-widget-container\">\n\t\t\t<span class=\"elementor-heading-title elementor-size-default\">Reparatur von:<\/span>\t\t<\/div>\n\t\t\t\t<\/div>\n\t\t\t\t<div class=\"elementor-element elementor-element-ac32395 elementor-invisible elementor-widget elementor-widget-theme-post-title elementor-page-title elementor-widget-heading\" data-id=\"ac32395\" data-element_type=\"widget\" data-settings=\"{&quot;_animation&quot;:&quot;fadeInUp&quot;}\" data-widget_type=\"theme-post-title.default\">\n\t\t\t\t<div class=\"elementor-widget-container\">\n\t\t\t<h1 class=\"elementor-heading-title elementor-size-default\">Laptops &#038; Computer<\/h1>\t\t<\/div>\n\t\t\t\t<\/div>\n\t\t\t\t\t<\/div>\n\t\t<\/div>\n\t\t\t\t\t\t\t<\/div>\n\t\t<\/section>\n\t\t\t\t<section data-particle_enable=\"false\" data-particle-mobile-disabled=\"false\" class=\"elementor-section elementor-top-section elementor-element elementor-element-dfa920d elementor-section-boxed elementor-section-height-default elementor-section-height-default\" data-id=\"dfa920d\" data-element_type=\"section\" data-settings=\"{&quot;background_background&quot;:&quot;classic&quot;}\">\n\t\t\t\t\t\t<div class=\"elementor-container elementor-column-gap-default\">\n\t\t\t\t\t<div class=\"elementor-column elementor-col-50 elementor-top-column elementor-element elementor-element-5a0901b\" data-id=\"5a0901b\" data-element_type=\"column\">\n\t\t\t<div class=\"elementor-widget-wrap elementor-element-populated\">\n\t\t\t\t\t\t\t\t<div class=\"elementor-element elementor-element-b7cf766 elementor-widget elementor-widget-heading\" data-id=\"b7cf766\" data-element_type=\"widget\" data-widget_type=\"heading.default\">\n\t\t\t\t<div class=\"elementor-widget-container\">\n\t\t\t<h2 class=\"elementor-heading-title elementor-size-default\">Du m\u00f6chtest dein Ger\u00e4t einsenden?<\/h2>\t\t<\/div>\n\t\t\t\t<\/div>\n\t\t\t\t<div class=\"elementor-element elementor-element-5162077 elementor-widget elementor-widget-text-editor\" data-id=\"5162077\" data-element_type=\"widget\" data-widget_type=\"text-editor.default\">\n\t\t\t\t<div class=\"elementor-widget-container\">\n\t\t\t\t\t\t\t\t<p>Wir bieten dir die M\u00f6glichkeit dein Ger\u00e4t kostenfrei an uns zu senden, klicke hierf\u00fcr auf jetzt Kostenfrei Einsenden!<\/p><p>Bitte f\u00fclle das Formular gewissenhaft und vollst\u00e4ndig aus, um einen reibungslosen und schnellen Ablauf zu gew\u00e4hrleisten.<\/p>\t\t\t\t\t\t<\/div>\n\t\t\t\t<\/div>\n\t\t\t\t<div class=\"elementor-element elementor-element-80f146c elementor-align-center elementor-widget elementor-widget-button\" data-id=\"80f146c\" data-element_type=\"widget\" data-widget_type=\"button.default\">\n\t\t\t\t<div class=\"elementor-widget-container\">\n\t\t\t\t\t<div class=\"elementor-button-wrapper\">\n\t\t\t<a href=\"https:\/\/www.moesphones.de\/ihr-geraet-kostenfrei-einsenden\/\" class=\"elementor-button-link elementor-button elementor-size-md\" role=\"button\">\n\t\t\t\t\t\t<span class=\"elementor-button-content-wrapper\">\n\t\t\t\t\t\t<span class=\"elementor-button-text\">Klicke hier zum einsenden<\/span>\n\t\t<\/span>\n\t\t\t\t\t<\/a>\n\t\t<\/div>\n\t\t\t\t<\/div>\n\t\t\t\t<\/div>\n\t\t\t\t\t<\/div>\n\t\t<\/div>\n\t\t\t\t<div class=\"elementor-column elementor-col-50 elementor-top-column elementor-element elementor-element-e3d5946\" data-id=\"e3d5946\" data-element_type=\"column\">\n\t\t\t<div class=\"elementor-widget-wrap elementor-element-populated\">\n\t\t\t\t\t\t\t\t<div class=\"elementor-element elementor-element-2787688 elementor-widget elementor-widget-image\" data-id=\"2787688\" data-element_type=\"widget\" data-widget_type=\"image.default\">\n\t\t\t\t<div class=\"elementor-widget-container\">\n\t\t\t\t\t\t\t\t\t\t\t\t\t\t\t<img loading=\"lazy\" decoding=\"async\" width=\"640\" height=\"428\" src=\"https:\/\/www.moesphones.de\/wp-content\/uploads\/2023\/11\/shutterstock_1932211034-1024x684.jpg\" class=\"attachment-large size-large\" alt=\"\" srcset=\"https:\/\/www.moesphones.de\/wp-content\/uploads\/2023\/11\/shutterstock_1932211034-1024x684.jpg 1024w, https:\/\/www.moesphones.de\/wp-content\/uploads\/2023\/11\/shutterstock_1932211034-300x200.jpg 300w, https:\/\/www.moesphones.de\/wp-content\/uploads\/2023\/11\/shutterstock_1932211034-768x513.jpg 768w, https:\/\/www.moesphones.de\/wp-content\/uploads\/2023\/11\/shutterstock_1932211034-1536x1026.jpg 1536w, https:\/\/www.moesphones.de\/wp-content\/uploads\/2023\/11\/shutterstock_1932211034-2048x1368.jpg 2048w\" sizes=\"auto, (max-width: 640px) 100vw, 640px\" \/>\t\t\t\t\t\t\t\t\t\t\t\t\t\t\t<\/div>\n\t\t\t\t<\/div>\n\t\t\t\t\t<\/div>\n\t\t<\/div>\n\t\t\t\t\t\t\t<\/div>\n\t\t<\/section>\n\t\t\t\t<section data-particle_enable=\"false\" data-particle-mobile-disabled=\"false\" class=\"elementor-section elementor-top-section elementor-element elementor-element-5284c4f elementor-section-full_width elementor-section-height-default elementor-section-height-default\" data-id=\"5284c4f\" data-element_type=\"section\">\n\t\t\t\t\t\t<div class=\"elementor-container elementor-column-gap-default\">\n\t\t\t\t\t<div class=\"elementor-column elementor-col-50 elementor-top-column elementor-element elementor-element-9e29b95\" data-id=\"9e29b95\" data-element_type=\"column\" data-settings=\"{&quot;background_background&quot;:&quot;classic&quot;}\">\n\t\t\t<div class=\"elementor-widget-wrap elementor-element-populated\">\n\t\t\t\t\t\t\t\t<div class=\"elementor-element elementor-element-a1ab02d elementor-widget elementor-widget-spacer\" data-id=\"a1ab02d\" data-element_type=\"widget\" data-widget_type=\"spacer.default\">\n\t\t\t\t<div class=\"elementor-widget-container\">\n\t\t\t\t\t<div class=\"elementor-spacer\">\n\t\t\t<div class=\"elementor-spacer-inner\"><\/div>\n\t\t<\/div>\n\t\t\t\t<\/div>\n\t\t\t\t<\/div>\n\t\t\t\t<div class=\"elementor-element elementor-element-3ad5a00 elementor-widget elementor-widget-spacer\" data-id=\"3ad5a00\" data-element_type=\"widget\" data-widget_type=\"spacer.default\">\n\t\t\t\t<div class=\"elementor-widget-container\">\n\t\t\t\t\t<div class=\"elementor-spacer\">\n\t\t\t<div class=\"elementor-spacer-inner\"><\/div>\n\t\t<\/div>\n\t\t\t\t<\/div>\n\t\t\t\t<\/div>\n\t\t\t\t\t<\/div>\n\t\t<\/div>\n\t\t\t\t<div class=\"elementor-column elementor-col-50 elementor-top-column elementor-element elementor-element-b7691e5\" data-id=\"b7691e5\" data-element_type=\"column\" data-settings=\"{&quot;background_background&quot;:&quot;classic&quot;}\">\n\t\t\t<div class=\"elementor-widget-wrap elementor-element-populated\">\n\t\t\t\t\t\t\t\t<div class=\"elementor-element elementor-element-b089ffe elementor-widget elementor-widget-heading\" data-id=\"b089ffe\" data-element_type=\"widget\" data-widget_type=\"heading.default\">\n\t\t\t\t<div class=\"elementor-widget-container\">\n\t\t\t<h2 class=\"elementor-heading-title elementor-size-default\">PC und Laptop Reparaturen und Dienstleistungen<\/h2>\t\t<\/div>\n\t\t\t\t<\/div>\n\t\t\t\t<div class=\"elementor-element elementor-element-336d845 elementor-widget elementor-widget-text-editor\" data-id=\"336d845\" data-element_type=\"widget\" data-widget_type=\"text-editor.default\">\n\t\t\t\t<div class=\"elementor-widget-container\">\n\t\t\t\t\t\t\t\t<p>Wir bieten dir in unserem Hause auch einen spezialisierten IT-Support f\u00fcr PCs und Laptops an.<br>\nDies beinhalten unter anderem folgende Leistungen:<\/p>\t\t\t\t\t\t<\/div>\n\t\t\t\t<\/div>\n\t\t\t\t<div class=\"elementor-element elementor-element-1a89db3 elementor-icon-list--layout-traditional elementor-list-item-link-full_width elementor-widget elementor-widget-icon-list\" data-id=\"1a89db3\" data-element_type=\"widget\" data-widget_type=\"icon-list.default\">\n\t\t\t\t<div class=\"elementor-widget-container\">\n\t\t\t\t\t<ul class=\"elementor-icon-list-items\">\n\t\t\t\t\t\t\t<li class=\"elementor-icon-list-item\">\n\t\t\t\t\t\t\t\t\t\t\t<span class=\"elementor-icon-list-icon\">\n\t\t\t\t\t\t\t<i aria-hidden=\"true\" class=\"fas fa-check\"><\/i>\t\t\t\t\t\t<\/span>\n\t\t\t\t\t\t\t\t\t\t<span class=\"elementor-icon-list-text\">Wartung und Support<\/span>\n\t\t\t\t\t\t\t\t\t<\/li>\n\t\t\t\t\t\t\t\t<li class=\"elementor-icon-list-item\">\n\t\t\t\t\t\t\t\t\t\t\t<span class=\"elementor-icon-list-icon\">\n\t\t\t\t\t\t\t<i aria-hidden=\"true\" class=\"fas fa-check\"><\/i>\t\t\t\t\t\t<\/span>\n\t\t\t\t\t\t\t\t\t\t<span class=\"elementor-icon-list-text\">Reparatur von Hard- und Software<\/span>\n\t\t\t\t\t\t\t\t\t<\/li>\n\t\t\t\t\t\t\t\t<li class=\"elementor-icon-list-item\">\n\t\t\t\t\t\t\t\t\t\t\t<span class=\"elementor-icon-list-icon\">\n\t\t\t\t\t\t\t<i aria-hidden=\"true\" class=\"fas fa-check\"><\/i>\t\t\t\t\t\t<\/span>\n\t\t\t\t\t\t\t\t\t\t<span class=\"elementor-icon-list-text\">Datenrettung auf Chiplevelebene<\/span>\n\t\t\t\t\t\t\t\t\t<\/li>\n\t\t\t\t\t\t\t\t<li class=\"elementor-icon-list-item\">\n\t\t\t\t\t\t\t\t\t\t\t<span class=\"elementor-icon-list-icon\">\n\t\t\t\t\t\t\t<i aria-hidden=\"true\" class=\"fas fa-check\"><\/i>\t\t\t\t\t\t<\/span>\n\t\t\t\t\t\t\t\t\t\t<span class=\"elementor-icon-list-text\">Beratung, Einrichtung und Verkauf inkl. Mengenrabatten ab 10 Ger\u00e4ten<\/span>\n\t\t\t\t\t\t\t\t\t<\/li>\n\t\t\t\t\t\t\t\t<li class=\"elementor-icon-list-item\">\n\t\t\t\t\t\t\t\t\t\t\t<span class=\"elementor-icon-list-icon\">\n\t\t\t\t\t\t\t<i aria-hidden=\"true\" class=\"fas fa-check\"><\/i>\t\t\t\t\t\t<\/span>\n\t\t\t\t\t\t\t\t\t\t<span class=\"elementor-icon-list-text\">Und vieles mehr<\/span>\n\t\t\t\t\t\t\t\t\t<\/li>\n\t\t\t\t\t\t<\/ul>\n\t\t\t\t<\/div>\n\t\t\t\t<\/div>\n\t\t\t\t\t<\/div>\n\t\t<\/div>\n\t\t\t\t\t\t\t<\/div>\n\t\t<\/section>\n\t\t\t\t\t\t<\/div>\n\t\t\t\t\t<\/div>\n\t\t","protected":false},"excerpt":{"rendered":"<p>Reparatur von: Du m\u00f6chtest dein Ger\u00e4t einsenden? Wir bieten dir die M\u00f6glichkeit dein Ger\u00e4t kostenfrei an uns zu senden, klicke hierf\u00fcr auf jetzt Kostenfrei Einsenden! Bitte f\u00fclle das Formular gewissenhaft und vollst\u00e4ndig aus, um einen reibungslosen und schnellen Ablauf zu gew\u00e4hrleisten. Klicke hier zum einsenden PC und Laptop Reparaturen und Dienstleistungen Wir bieten dir in [&hellip;]<\/p>\n","protected":false},"author":2,"featured_media":0,"parent":33,"menu_order":0,"comment_status":"closed","ping_status":"closed","template":"elementor_header_footer","meta":{"footnotes":""},"class_list":["post-60","page","type-page","status-publish","hentry"],"yoast_head":"<!-- This site is optimized with the Yoast SEO Premium plugin v16.6 (Yoast SEO v16.8) - https:\/\/yoast.com\/wordpress\/plugins\/seo\/ -->\n<title>Laptops &amp; Computer - MK Mobile GmbH<\/title>\n<meta name=\"description\" content=\"Reparatur Profis mit 24h Service, Business Betreuung &amp; Online-Shop. Olching, Gilching, Eichenau, Germering, M\u00fcnchen, Pasing, Puchheim, Gr\u00f6benzell, Emmering.\" \/>\n<meta name=\"robots\" content=\"index, follow, max-snippet:-1, max-image-preview:large, max-video-preview:-1\" \/>\n<link rel=\"canonical\" href=\"https:\/\/www.moesphones.de\/startseite\/reparaturen\/fernseher-computer\/\" \/>\n<meta property=\"og:locale\" content=\"de_DE\" \/>\n<meta property=\"og:type\" content=\"article\" \/>\n<meta property=\"og:title\" content=\"Laptops &amp; Computer\" \/>\n<meta property=\"og:description\" content=\"Reparatur Profis mit 24h Service, Business Betreuung &amp; Online-Shop. Olching, Gilching, Eichenau, Germering, M\u00fcnchen, Pasing, Puchheim, Gr\u00f6benzell, Emmering.\" \/>\n<meta property=\"og:url\" content=\"https:\/\/www.moesphones.de\/startseite\/reparaturen\/fernseher-computer\/\" \/>\n<meta property=\"og:site_name\" content=\"MK Mobile GmbH\" \/>\n<meta property=\"article:modified_time\" content=\"2023-11-28T09:18:21+00:00\" \/>\n<meta property=\"og:image\" content=\"https:\/\/www.moesphones.de\/wp-content\/uploads\/2023\/11\/shutterstock_1932211034-1024x684.jpg\" \/>\n<meta name=\"twitter:card\" content=\"summary_large_image\" \/>\n<meta name=\"twitter:label1\" content=\"Gesch\u00e4tzte Lesezeit\" \/>\n\t<meta name=\"twitter:data1\" content=\"1\u00a0Minute\" \/>\n<script type=\"application\/ld+json\" class=\"yoast-schema-graph\">{\"@context\":\"https:\/\/schema.org\",\"@graph\":[{\"@type\":\"Organization\",\"@id\":\"https:\/\/www.moesphones.de\/startseite\/#organization\",\"name\":\"MK-Mobile\",\"url\":\"https:\/\/www.moesphones.de\/startseite\/\",\"sameAs\":[],\"logo\":{\"@type\":\"ImageObject\",\"@id\":\"https:\/\/www.moesphones.de\/startseite\/#logo\",\"inLanguage\":\"de\",\"url\":\"https:\/\/www.moesphones.de\/wp-content\/uploads\/2021\/07\/mk-mobile-logo.svg\",\"contentUrl\":\"https:\/\/www.moesphones.de\/wp-content\/uploads\/2021\/07\/mk-mobile-logo.svg\",\"caption\":\"MK-Mobile\"},\"image\":{\"@id\":\"https:\/\/www.moesphones.de\/startseite\/#logo\"}},{\"@type\":\"WebSite\",\"@id\":\"https:\/\/www.moesphones.de\/startseite\/#website\",\"url\":\"https:\/\/www.moesphones.de\/startseite\/\",\"name\":\"MK Mobile GmbH\",\"description\":\"Die Allroundwerkstatt aus Puchheim\",\"publisher\":{\"@id\":\"https:\/\/www.moesphones.de\/startseite\/#organization\"},\"potentialAction\":[{\"@type\":\"SearchAction\",\"target\":{\"@type\":\"EntryPoint\",\"urlTemplate\":\"https:\/\/www.moesphones.de\/startseite\/?s={search_term_string}\"},\"query-input\":\"required name=search_term_string\"}],\"inLanguage\":\"de\"},{\"@type\":\"ImageObject\",\"@id\":\"https:\/\/www.moesphones.de\/startseite\/reparaturen\/fernseher-computer\/#primaryimage\",\"inLanguage\":\"de\",\"url\":\"https:\/\/www.moesphones.de\/wp-content\/uploads\/2023\/11\/shutterstock_1932211034-1024x684.jpg\",\"contentUrl\":\"https:\/\/www.moesphones.de\/wp-content\/uploads\/2023\/11\/shutterstock_1932211034-1024x684.jpg\"},{\"@type\":\"WebPage\",\"@id\":\"https:\/\/www.moesphones.de\/startseite\/reparaturen\/fernseher-computer\/#webpage\",\"url\":\"https:\/\/www.moesphones.de\/startseite\/reparaturen\/fernseher-computer\/\",\"name\":\"Laptops & Computer - MK Mobile GmbH\",\"isPartOf\":{\"@id\":\"https:\/\/www.moesphones.de\/startseite\/#website\"},\"primaryImageOfPage\":{\"@id\":\"https:\/\/www.moesphones.de\/startseite\/reparaturen\/fernseher-computer\/#primaryimage\"},\"datePublished\":\"2021-07-19T16:13:34+00:00\",\"dateModified\":\"2023-11-28T09:18:21+00:00\",\"description\":\"Reparatur Profis mit 24h Service, Business Betreuung & Online-Shop. Olching, Gilching, Eichenau, Germering, M\\u00fcnchen, Pasing, Puchheim, Gr\\u00f6benzell, Emmering.\",\"breadcrumb\":{\"@id\":\"https:\/\/www.moesphones.de\/startseite\/reparaturen\/fernseher-computer\/#breadcrumb\"},\"inLanguage\":\"de\",\"potentialAction\":[{\"@type\":\"ReadAction\",\"target\":[\"https:\/\/www.moesphones.de\/startseite\/reparaturen\/fernseher-computer\/\"]}]},{\"@type\":\"BreadcrumbList\",\"@id\":\"https:\/\/www.moesphones.de\/startseite\/reparaturen\/fernseher-computer\/#breadcrumb\",\"itemListElement\":[{\"@type\":\"ListItem\",\"position\":1,\"name\":\"Startseite\",\"item\":\"https:\/\/www.moesphones.de\/startseite\/\"},{\"@type\":\"ListItem\",\"position\":2,\"name\":\"Reparaturen\",\"item\":\"https:\/\/www.moesphones.de\/startseite\/reparaturen\/\"},{\"@type\":\"ListItem\",\"position\":3,\"name\":\"Laptops &#038; Computer\"}]}]}<\/script>\n<!-- \/ Yoast SEO Premium plugin. -->","yoast_head_json":{"title":"Laptops & Computer - MK Mobile GmbH","description":"Reparatur Profis mit 24h Service, Business Betreuung & Online-Shop. Olching, Gilching, Eichenau, Germering, M\u00fcnchen, Pasing, Puchheim, Gr\u00f6benzell, Emmering.","robots":{"index":"index","follow":"follow","max-snippet":"max-snippet:-1","max-image-preview":"max-image-preview:large","max-video-preview":"max-video-preview:-1"},"canonical":"https:\/\/www.moesphones.de\/startseite\/reparaturen\/fernseher-computer\/","og_locale":"de_DE","og_type":"article","og_title":"Laptops & Computer","og_description":"Reparatur Profis mit 24h Service, Business Betreuung & Online-Shop. Olching, Gilching, Eichenau, Germering, M\u00fcnchen, Pasing, Puchheim, Gr\u00f6benzell, Emmering.","og_url":"https:\/\/www.moesphones.de\/startseite\/reparaturen\/fernseher-computer\/","og_site_name":"MK Mobile GmbH","article_modified_time":"2023-11-28T09:18:21+00:00","og_image":[{"url":"https:\/\/www.moesphones.de\/wp-content\/uploads\/2023\/11\/shutterstock_1932211034-1024x684.jpg"}],"twitter_card":"summary_large_image","twitter_misc":{"Gesch\u00e4tzte Lesezeit":"1\u00a0Minute"},"schema":{"@context":"https:\/\/schema.org","@graph":[{"@type":"Organization","@id":"https:\/\/www.moesphones.de\/startseite\/#organization","name":"MK-Mobile","url":"https:\/\/www.moesphones.de\/startseite\/","sameAs":[],"logo":{"@type":"ImageObject","@id":"https:\/\/www.moesphones.de\/startseite\/#logo","inLanguage":"de","url":"https:\/\/www.moesphones.de\/wp-content\/uploads\/2021\/07\/mk-mobile-logo.svg","contentUrl":"https:\/\/www.moesphones.de\/wp-content\/uploads\/2021\/07\/mk-mobile-logo.svg","caption":"MK-Mobile"},"image":{"@id":"https:\/\/www.moesphones.de\/startseite\/#logo"}},{"@type":"WebSite","@id":"https:\/\/www.moesphones.de\/startseite\/#website","url":"https:\/\/www.moesphones.de\/startseite\/","name":"MK Mobile GmbH","description":"Die Allroundwerkstatt aus Puchheim","publisher":{"@id":"https:\/\/www.moesphones.de\/startseite\/#organization"},"potentialAction":[{"@type":"SearchAction","target":{"@type":"EntryPoint","urlTemplate":"https:\/\/www.moesphones.de\/startseite\/?s={search_term_string}"},"query-input":"required name=search_term_string"}],"inLanguage":"de"},{"@type":"ImageObject","@id":"https:\/\/www.moesphones.de\/startseite\/reparaturen\/fernseher-computer\/#primaryimage","inLanguage":"de","url":"https:\/\/www.moesphones.de\/wp-content\/uploads\/2023\/11\/shutterstock_1932211034-1024x684.jpg","contentUrl":"https:\/\/www.moesphones.de\/wp-content\/uploads\/2023\/11\/shutterstock_1932211034-1024x684.jpg"},{"@type":"WebPage","@id":"https:\/\/www.moesphones.de\/startseite\/reparaturen\/fernseher-computer\/#webpage","url":"https:\/\/www.moesphones.de\/startseite\/reparaturen\/fernseher-computer\/","name":"Laptops & Computer - MK Mobile GmbH","isPartOf":{"@id":"https:\/\/www.moesphones.de\/startseite\/#website"},"primaryImageOfPage":{"@id":"https:\/\/www.moesphones.de\/startseite\/reparaturen\/fernseher-computer\/#primaryimage"},"datePublished":"2021-07-19T16:13:34+00:00","dateModified":"2023-11-28T09:18:21+00:00","description":"Reparatur Profis mit 24h Service, Business Betreuung & Online-Shop. Olching, Gilching, Eichenau, Germering, M\u00fcnchen, Pasing, Puchheim, Gr\u00f6benzell, Emmering.","breadcrumb":{"@id":"https:\/\/www.moesphones.de\/startseite\/reparaturen\/fernseher-computer\/#breadcrumb"},"inLanguage":"de","potentialAction":[{"@type":"ReadAction","target":["https:\/\/www.moesphones.de\/startseite\/reparaturen\/fernseher-computer\/"]}]},{"@type":"BreadcrumbList","@id":"https:\/\/www.moesphones.de\/startseite\/reparaturen\/fernseher-computer\/#breadcrumb","itemListElement":[{"@type":"ListItem","position":1,"name":"Startseite","item":"https:\/\/www.moesphones.de\/startseite\/"},{"@type":"ListItem","position":2,"name":"Reparaturen","item":"https:\/\/www.moesphones.de\/startseite\/reparaturen\/"},{"@type":"ListItem","position":3,"name":"Laptops &#038; Computer"}]}]}},"_links":{"self":[{"href":"https:\/\/www.moesphones.de\/startseite\/wp-json\/wp\/v2\/pages\/60","targetHints":{"allow":["GET"]}}],"collection":[{"href":"https:\/\/www.moesphones.de\/startseite\/wp-json\/wp\/v2\/pages"}],"about":[{"href":"https:\/\/www.moesphones.de\/startseite\/wp-json\/wp\/v2\/types\/page"}],"author":[{"embeddable":true,"href":"https:\/\/www.moesphones.de\/startseite\/wp-json\/wp\/v2\/users\/2"}],"replies":[{"embeddable":true,"href":"https:\/\/www.moesphones.de\/startseite\/wp-json\/wp\/v2\/comments?post=60"}],"version-history":[{"count":53,"href":"https:\/\/www.moesphones.de\/startseite\/wp-json\/wp\/v2\/pages\/60\/revisions"}],"predecessor-version":[{"id":1426,"href":"https:\/\/www.moesphones.de\/startseite\/wp-json\/wp\/v2\/pages\/60\/revisions\/1426"}],"up":[{"embeddable":true,"href":"https:\/\/www.moesphones.de\/startseite\/wp-json\/wp\/v2\/pages\/33"}],"wp:attachment":[{"href":"https:\/\/www.moesphones.de\/startseite\/wp-json\/wp\/v2\/media?parent=60"}],"curies":[{"name":"wp","href":"https:\/\/api.w.org\/{rel}","templated":true}]}}