{"id":31,"date":"2021-07-19T16:01:41","date_gmt":"2021-07-19T16:01:41","guid":{"rendered":"https:\/\/www.moesphones.de\/?page_id=31"},"modified":"2021-07-28T12:37:18","modified_gmt":"2021-07-28T12:37:18","slug":"privatanwender-it","status":"publish","type":"page","link":"https:\/\/www.moesphones.de\/startseite\/privatanwender-it\/","title":{"rendered":"Privatanwender IT"},"content":{"rendered":"\t\t<div data-elementor-type=\"wp-page\" data-elementor-id=\"31\" class=\"elementor elementor-31\" data-elementor-settings=\"[]\">\n\t\t\t\t\t\t\t<div class=\"elementor-section-wrap\">\n\t\t\t\t\t\t\t<section data-particle_enable=\"false\" data-particle-mobile-disabled=\"false\" class=\"elementor-section elementor-top-section elementor-element elementor-element-0006cc7 elementor-section-height-min-height elementor-section-boxed elementor-section-height-default elementor-section-items-middle\" data-id=\"0006cc7\" data-element_type=\"section\" data-settings=\"{&quot;background_background&quot;:&quot;classic&quot;}\">\n\t\t\t\t\t\t<div class=\"elementor-container elementor-column-gap-default\">\n\t\t\t\t\t<div class=\"elementor-column elementor-col-100 elementor-top-column elementor-element elementor-element-241be29\" data-id=\"241be29\" data-element_type=\"column\">\n\t\t\t<div class=\"elementor-widget-wrap elementor-element-populated\">\n\t\t\t\t\t\t\t\t<div class=\"elementor-element elementor-element-b964b13 elementor-view-default elementor-invisible elementor-widget elementor-widget-icon\" data-id=\"b964b13\" data-element_type=\"widget\" data-settings=\"{&quot;_animation&quot;:&quot;fadeInDown&quot;}\" data-widget_type=\"icon.default\">\n\t\t\t\t<div class=\"elementor-widget-container\">\n\t\t\t\t\t<div class=\"elementor-icon-wrapper\">\n\t\t\t<div class=\"elementor-icon\">\n\t\t\t<svg xmlns=\"http:\/\/www.w3.org\/2000\/svg\" id=\"Capa_1\" height=\"512\" viewBox=\"0 0 511 511\" width=\"512\"><g id=\"Outline_43_\"><g><path d=\"m487.5 0h-464c-12.958 0-23.5 10.542-23.5 23.5v168.782c0 4.143 3.357 7.5 7.5 7.5s7.5-3.357 7.5-7.5v-137.282h396.805c4.143 0 7.5-3.357 7.5-7.5s-3.357-7.5-7.5-7.5h-396.805v-16.5c0-4.687 3.813-8.5 8.5-8.5h464c4.687 0 8.5 3.813 8.5 8.5v16.5h-47.805c-4.143 0-7.5 3.357-7.5 7.5s3.357 7.5 7.5 7.5h47.805v281h-481v-109.187c0-4.143-3.357-7.5-7.5-7.5s-7.5 3.357-7.5 7.5v148.687c0 12.958 10.542 23.5 23.5 23.5h176.5v52.253l-36.358 21.815c-2.26 1.355-3.642 3.797-3.642 6.432v24c0 4.143 3.357 7.5 7.5 7.5h176c4.143 0 7.5-3.357 7.5-7.5v-24c0-2.635-1.382-5.076-3.642-6.432l-36.358-21.815v-52.253h176.5c12.958 0 23.5-10.542 23.5-23.5v-352c0-12.958-10.542-23.5-23.5-23.5zm-151.5 496h-161v-12.254l31.866-19.119c7.432 5.347 23.675 14.373 48.634 14.373s41.202-9.026 48.634-14.373l31.866 19.119zm-40-43.979c-5.002 3.787-18.377 11.979-40.5 11.979-22.153 0-35.533-8.213-40.5-11.976v-53.024h81zm200-76.521c0 4.687-3.813 8.5-8.5 8.5h-464c-4.687 0-8.5-3.813-8.5-8.5v-24.5h481z\"><\/path><path d=\"m399.5 319c4.143 0 7.5-3.357 7.5-7.5v-232c0-4.143-3.357-7.5-7.5-7.5h-288c-4.143 0-7.5 3.357-7.5 7.5v232c0 4.143 3.357 7.5 7.5 7.5zm-280.5-15v-169h273v169zm0-217h273v33h-273z\"><\/path><circle cx=\"367.5\" cy=\"103.5\" r=\"8\"><\/circle><circle cx=\"335.5\" cy=\"103.5\" r=\"8\"><\/circle><circle cx=\"303.5\" cy=\"103.5\" r=\"8\"><\/circle><path d=\"m196.804 178.196c-2.93-2.928-7.678-2.928-10.607 0l-32 32c-2.929 2.93-2.929 7.678 0 10.607l32 32c3.051 3.049 8.201 2.846 11.006-.431 2.513-2.936 2.332-7.446-.398-10.177l-26.699-26.695 26.697-26.696c2.929-2.93 2.929-7.678.001-10.608z\"><\/path><path d=\"m324.804 178.196c-2.93-2.928-7.678-2.928-10.607 0-2.929 2.93-2.929 7.678 0 10.607l26.697 26.696-26.697 26.696c-2.73 2.731-2.912 7.241-.398 10.177 2.804 3.276 7.955 3.479 11.006.431l32-32c2.929-2.93 2.929-7.678 0-10.607z\"><\/path><path d=\"m282.196 178.196-64 64c-2.73 2.731-2.912 7.241-.398 10.177 2.804 3.276 7.955 3.479 11.006.431l64-64c2.929-2.93 2.929-7.678 0-10.607-2.93-2.928-7.678-2.928-10.608-.001z\"><\/path><\/g><\/g><\/svg>\t\t\t<\/div>\n\t\t<\/div>\n\t\t\t\t<\/div>\n\t\t\t\t<\/div>\n\t\t\t\t<div class=\"elementor-element elementor-element-252d9ac elementor-invisible elementor-widget elementor-widget-heading\" data-id=\"252d9ac\" data-element_type=\"widget\" data-settings=\"{&quot;_animation&quot;:&quot;fadeInUp&quot;}\" data-widget_type=\"heading.default\">\n\t\t\t\t<div class=\"elementor-widget-container\">\n\t\t\t<h1 class=\"elementor-heading-title elementor-size-default\">Privatanwender IT<\/h1>\t\t<\/div>\n\t\t\t\t<\/div>\n\t\t\t\t\t<\/div>\n\t\t<\/div>\n\t\t\t\t\t\t\t<\/div>\n\t\t<\/section>\n\t\t\t\t<section data-particle_enable=\"false\" data-particle-mobile-disabled=\"false\" class=\"elementor-section elementor-top-section elementor-element elementor-element-ecb5f23 elementor-section-boxed elementor-section-height-default elementor-section-height-default\" data-id=\"ecb5f23\" data-element_type=\"section\" data-settings=\"{&quot;background_background&quot;:&quot;gradient&quot;}\">\n\t\t\t\t\t\t<div class=\"elementor-container elementor-column-gap-default\">\n\t\t\t\t\t<div class=\"elementor-column elementor-col-50 elementor-top-column elementor-element elementor-element-eb954fa\" data-id=\"eb954fa\" data-element_type=\"column\">\n\t\t\t<div class=\"elementor-widget-wrap elementor-element-populated\">\n\t\t\t\t\t\t\t\t<div class=\"elementor-element elementor-element-c9452b9 elementor-widget elementor-widget-heading\" data-id=\"c9452b9\" data-element_type=\"widget\" data-widget_type=\"heading.default\">\n\t\t\t\t<div class=\"elementor-widget-container\">\n\t\t\t<h2 class=\"elementor-heading-title elementor-size-default\">Hilfe beim Computer<\/h2>\t\t<\/div>\n\t\t\t\t<\/div>\n\t\t\t\t<div class=\"elementor-element elementor-element-16917e6 elementor-widget elementor-widget-text-editor\" data-id=\"16917e6\" data-element_type=\"widget\" data-widget_type=\"text-editor.default\">\n\t\t\t\t<div class=\"elementor-widget-container\">\n\t\t\t\t\t\t\t\t<p>Dein Rechner ist dir zu langsam, du braucht ein Upgrade deines Arbeitsspeichers oder eine neue Festplatte?<\/p><p>Wir von Mk-Mobile sorgen daf\u00fcr, dass du bestm\u00f6glich versorgt bist mit Qualit\u00e4t und Service.<\/p><p><strong>Vereinbare deinen Pers\u00f6nlichen Termin unter:<\/strong><\/p>\t\t\t\t\t\t<\/div>\n\t\t\t\t<\/div>\n\t\t\t\t<div class=\"elementor-element elementor-element-18d24d8 elementor-align-left elementor-widget elementor-widget-button\" data-id=\"18d24d8\" data-element_type=\"widget\" data-widget_type=\"button.default\">\n\t\t\t\t<div class=\"elementor-widget-container\">\n\t\t\t\t\t<div class=\"elementor-button-wrapper\">\n\t\t\t<a href=\"tel:00498990934123\" class=\"elementor-button-link elementor-button elementor-size-md\" role=\"button\">\n\t\t\t\t\t\t<span class=\"elementor-button-content-wrapper\">\n\t\t\t\t\t\t<span class=\"elementor-button-icon elementor-align-icon-left\">\n\t\t\t\t<i aria-hidden=\"true\" class=\"fas fa-phone-alt\"><\/i>\t\t\t<\/span>\n\t\t\t\t\t\t<span class=\"elementor-button-text\">+49 (0) 89 90934123<\/span>\n\t\t<\/span>\n\t\t\t\t\t<\/a>\n\t\t<\/div>\n\t\t\t\t<\/div>\n\t\t\t\t<\/div>\n\t\t\t\t\t<\/div>\n\t\t<\/div>\n\t\t\t\t<div class=\"elementor-column elementor-col-50 elementor-top-column elementor-element elementor-element-df3771a\" data-id=\"df3771a\" data-element_type=\"column\">\n\t\t\t<div class=\"elementor-widget-wrap elementor-element-populated\">\n\t\t\t\t\t\t\t\t<div class=\"elementor-element elementor-element-62db794 elementor-widget elementor-widget-image\" data-id=\"62db794\" data-element_type=\"widget\" data-widget_type=\"image.default\">\n\t\t\t\t<div class=\"elementor-widget-container\">\n\t\t\t\t\t\t\t\t\t\t\t\t\t\t\t<img loading=\"lazy\" decoding=\"async\" width=\"640\" height=\"533\" src=\"https:\/\/www.moesphones.de\/wp-content\/uploads\/2021\/07\/smartmockups_krluqqiz.png\" class=\"attachment-large size-large\" alt=\"\" srcset=\"https:\/\/www.moesphones.de\/wp-content\/uploads\/2021\/07\/smartmockups_krluqqiz.png 942w, https:\/\/www.moesphones.de\/wp-content\/uploads\/2021\/07\/smartmockups_krluqqiz-300x250.png 300w, https:\/\/www.moesphones.de\/wp-content\/uploads\/2021\/07\/smartmockups_krluqqiz-768x639.png 768w\" sizes=\"auto, (max-width: 640px) 100vw, 640px\" \/>\t\t\t\t\t\t\t\t\t\t\t\t\t\t\t<\/div>\n\t\t\t\t<\/div>\n\t\t\t\t\t<\/div>\n\t\t<\/div>\n\t\t\t\t\t\t\t<\/div>\n\t\t<\/section>\n\t\t\t\t<section data-particle_enable=\"false\" data-particle-mobile-disabled=\"false\" class=\"elementor-section elementor-top-section elementor-element elementor-element-6c4872e elementor-section-full_width elementor-section-height-default elementor-section-height-default\" data-id=\"6c4872e\" data-element_type=\"section\">\n\t\t\t\t\t\t<div class=\"elementor-container elementor-column-gap-default\">\n\t\t\t\t\t<div class=\"elementor-column elementor-col-50 elementor-top-column elementor-element elementor-element-a85c71a\" data-id=\"a85c71a\" data-element_type=\"column\" data-settings=\"{&quot;background_background&quot;:&quot;classic&quot;}\">\n\t\t\t<div class=\"elementor-widget-wrap elementor-element-populated\">\n\t\t\t\t\t\t\t\t<div class=\"elementor-element elementor-element-0401ef8 elementor-widget elementor-widget-spacer\" data-id=\"0401ef8\" data-element_type=\"widget\" data-widget_type=\"spacer.default\">\n\t\t\t\t<div class=\"elementor-widget-container\">\n\t\t\t\t\t<div class=\"elementor-spacer\">\n\t\t\t<div class=\"elementor-spacer-inner\"><\/div>\n\t\t<\/div>\n\t\t\t\t<\/div>\n\t\t\t\t<\/div>\n\t\t\t\t<div class=\"elementor-element elementor-element-1d7da56 elementor-widget elementor-widget-spacer\" data-id=\"1d7da56\" data-element_type=\"widget\" data-widget_type=\"spacer.default\">\n\t\t\t\t<div class=\"elementor-widget-container\">\n\t\t\t\t\t<div class=\"elementor-spacer\">\n\t\t\t<div class=\"elementor-spacer-inner\"><\/div>\n\t\t<\/div>\n\t\t\t\t<\/div>\n\t\t\t\t<\/div>\n\t\t\t\t\t<\/div>\n\t\t<\/div>\n\t\t\t\t<div class=\"elementor-column elementor-col-50 elementor-top-column elementor-element elementor-element-c483c7b\" data-id=\"c483c7b\" data-element_type=\"column\" data-settings=\"{&quot;background_background&quot;:&quot;classic&quot;}\">\n\t\t\t<div class=\"elementor-widget-wrap elementor-element-populated\">\n\t\t\t\t\t\t\t\t<div class=\"elementor-element elementor-element-1d72df8 elementor-widget elementor-widget-heading\" data-id=\"1d72df8\" data-element_type=\"widget\" data-widget_type=\"heading.default\">\n\t\t\t\t<div class=\"elementor-widget-container\">\n\t\t\t<h2 class=\"elementor-heading-title elementor-size-default\">Unsere IT-Leistungen <\/h2>\t\t<\/div>\n\t\t\t\t<\/div>\n\t\t\t\t<div class=\"elementor-element elementor-element-d8da4c0 elementor-widget elementor-widget-text-editor\" data-id=\"d8da4c0\" data-element_type=\"widget\" data-widget_type=\"text-editor.default\">\n\t\t\t\t<div class=\"elementor-widget-container\">\n\t\t\t\t\t\t\t\t<p class=\"p1\"><strong>Wir bieten dir unter anderem Folgende Leistungen an:<\/strong><\/p>\t\t\t\t\t\t<\/div>\n\t\t\t\t<\/div>\n\t\t\t\t<div class=\"elementor-element elementor-element-39d80bf elementor-icon-list--layout-traditional elementor-list-item-link-full_width elementor-widget elementor-widget-icon-list\" data-id=\"39d80bf\" data-element_type=\"widget\" data-widget_type=\"icon-list.default\">\n\t\t\t\t<div class=\"elementor-widget-container\">\n\t\t\t\t\t<ul class=\"elementor-icon-list-items\">\n\t\t\t\t\t\t\t<li class=\"elementor-icon-list-item\">\n\t\t\t\t\t\t\t\t\t\t\t<span class=\"elementor-icon-list-icon\">\n\t\t\t\t\t\t\t<i aria-hidden=\"true\" class=\"fas fa-check\"><\/i>\t\t\t\t\t\t<\/span>\n\t\t\t\t\t\t\t\t\t\t<span class=\"elementor-icon-list-text\">Beratung, Einrichtung und Verkauf <\/span>\n\t\t\t\t\t\t\t\t\t<\/li>\n\t\t\t\t\t\t\t\t<li class=\"elementor-icon-list-item\">\n\t\t\t\t\t\t\t\t\t\t\t<span class=\"elementor-icon-list-icon\">\n\t\t\t\t\t\t\t<i aria-hidden=\"true\" class=\"fas fa-check\"><\/i>\t\t\t\t\t\t<\/span>\n\t\t\t\t\t\t\t\t\t\t<span class=\"elementor-icon-list-text\">Reparatur von Drucker, Pcs, Laptops u.v.m.<\/span>\n\t\t\t\t\t\t\t\t\t<\/li>\n\t\t\t\t\t\t\t\t<li class=\"elementor-icon-list-item\">\n\t\t\t\t\t\t\t\t\t\t\t<span class=\"elementor-icon-list-icon\">\n\t\t\t\t\t\t\t<i aria-hidden=\"true\" class=\"fas fa-check\"><\/i>\t\t\t\t\t\t<\/span>\n\t\t\t\t\t\t\t\t\t\t<span class=\"elementor-icon-list-text\">Upgrade des vorhandenen Systems<\/span>\n\t\t\t\t\t\t\t\t\t<\/li>\n\t\t\t\t\t\t\t\t<li class=\"elementor-icon-list-item\">\n\t\t\t\t\t\t\t\t\t\t\t<span class=\"elementor-icon-list-icon\">\n\t\t\t\t\t\t\t<i aria-hidden=\"true\" class=\"fas fa-check\"><\/i>\t\t\t\t\t\t<\/span>\n\t\t\t\t\t\t\t\t\t\t<span class=\"elementor-icon-list-text\">Fehlerdiagnosen im Heimnetz<\/span>\n\t\t\t\t\t\t\t\t\t<\/li>\n\t\t\t\t\t\t\t\t<li class=\"elementor-icon-list-item\">\n\t\t\t\t\t\t\t\t\t\t\t<span class=\"elementor-icon-list-icon\">\n\t\t\t\t\t\t\t<i aria-hidden=\"true\" class=\"fas fa-check\"><\/i>\t\t\t\t\t\t<\/span>\n\t\t\t\t\t\t\t\t\t\t<span class=\"elementor-icon-list-text\">Vor Ort Beratung und Optimierung<\/span>\n\t\t\t\t\t\t\t\t\t<\/li>\n\t\t\t\t\t\t<\/ul>\n\t\t\t\t<\/div>\n\t\t\t\t<\/div>\n\t\t\t\t\t<\/div>\n\t\t<\/div>\n\t\t\t\t\t\t\t<\/div>\n\t\t<\/section>\n\t\t\t\t\t\t<\/div>\n\t\t\t\t\t<\/div>\n\t\t","protected":false},"excerpt":{"rendered":"<p>Privatanwender IT Hilfe beim Computer Dein Rechner ist dir zu langsam, du braucht ein Upgrade deines Arbeitsspeichers oder eine neue Festplatte? Wir von Mk-Mobile sorgen daf\u00fcr, dass du bestm\u00f6glich versorgt bist mit Qualit\u00e4t und Service. Vereinbare deinen Pers\u00f6nlichen Termin unter: +49 (0) 89 90934123 Unsere IT-Leistungen Wir bieten dir unter anderem Folgende Leistungen an: Beratung, [&hellip;]<\/p>\n","protected":false},"author":2,"featured_media":0,"parent":0,"menu_order":0,"comment_status":"closed","ping_status":"closed","template":"elementor_header_footer","meta":{"footnotes":""},"class_list":["post-31","page","type-page","status-publish","hentry"],"yoast_head":"<!-- This site is optimized with the Yoast SEO Premium plugin v16.6 (Yoast SEO v16.8) - https:\/\/yoast.com\/wordpress\/plugins\/seo\/ -->\n<title>Privatanwender IT - MK Mobile GmbH<\/title>\n<meta name=\"description\" content=\"Reparatur Profis mit 24h Service, Business Betreuung &amp; Online-Shop. Olching, Gilching, Eichenau, Germering, M\u00fcnchen, Pasing, Puchheim, Gr\u00f6benzell, Emmering.\" \/>\n<meta name=\"robots\" content=\"index, follow, max-snippet:-1, max-image-preview:large, max-video-preview:-1\" \/>\n<link rel=\"canonical\" href=\"https:\/\/www.moesphones.de\/startseite\/privatanwender-it\/\" \/>\n<meta property=\"og:locale\" content=\"de_DE\" \/>\n<meta property=\"og:type\" content=\"article\" \/>\n<meta property=\"og:title\" content=\"Privatanwender IT\" \/>\n<meta property=\"og:description\" content=\"Reparatur Profis mit 24h Service, Business Betreuung &amp; Online-Shop. Olching, Gilching, Eichenau, Germering, M\u00fcnchen, Pasing, Puchheim, Gr\u00f6benzell, Emmering.\" \/>\n<meta property=\"og:url\" content=\"https:\/\/www.moesphones.de\/startseite\/privatanwender-it\/\" \/>\n<meta property=\"og:site_name\" content=\"MK Mobile GmbH\" \/>\n<meta property=\"article:modified_time\" content=\"2021-07-28T12:37:18+00:00\" \/>\n<meta property=\"og:image\" content=\"https:\/\/www.moesphones.de\/wp-content\/uploads\/2021\/07\/smartmockups_krluqqiz.png\" \/>\n<meta name=\"twitter:card\" content=\"summary_large_image\" \/>\n<meta name=\"twitter:label1\" content=\"Gesch\u00e4tzte Lesezeit\" \/>\n\t<meta name=\"twitter:data1\" content=\"1\u00a0Minute\" \/>\n<script type=\"application\/ld+json\" class=\"yoast-schema-graph\">{\"@context\":\"https:\/\/schema.org\",\"@graph\":[{\"@type\":\"Organization\",\"@id\":\"https:\/\/www.moesphones.de\/startseite\/#organization\",\"name\":\"MK-Mobile\",\"url\":\"https:\/\/www.moesphones.de\/startseite\/\",\"sameAs\":[],\"logo\":{\"@type\":\"ImageObject\",\"@id\":\"https:\/\/www.moesphones.de\/startseite\/#logo\",\"inLanguage\":\"de\",\"url\":\"https:\/\/www.moesphones.de\/wp-content\/uploads\/2021\/07\/mk-mobile-logo.svg\",\"contentUrl\":\"https:\/\/www.moesphones.de\/wp-content\/uploads\/2021\/07\/mk-mobile-logo.svg\",\"caption\":\"MK-Mobile\"},\"image\":{\"@id\":\"https:\/\/www.moesphones.de\/startseite\/#logo\"}},{\"@type\":\"WebSite\",\"@id\":\"https:\/\/www.moesphones.de\/startseite\/#website\",\"url\":\"https:\/\/www.moesphones.de\/startseite\/\",\"name\":\"MK Mobile GmbH\",\"description\":\"Die Allroundwerkstatt aus Puchheim\",\"publisher\":{\"@id\":\"https:\/\/www.moesphones.de\/startseite\/#organization\"},\"potentialAction\":[{\"@type\":\"SearchAction\",\"target\":{\"@type\":\"EntryPoint\",\"urlTemplate\":\"https:\/\/www.moesphones.de\/startseite\/?s={search_term_string}\"},\"query-input\":\"required name=search_term_string\"}],\"inLanguage\":\"de\"},{\"@type\":\"ImageObject\",\"@id\":\"https:\/\/www.moesphones.de\/startseite\/privatanwender-it\/#primaryimage\",\"inLanguage\":\"de\",\"url\":\"https:\/\/www.moesphones.de\/wp-content\/uploads\/2021\/07\/smartmockups_krluqqiz.png\",\"contentUrl\":\"https:\/\/www.moesphones.de\/wp-content\/uploads\/2021\/07\/smartmockups_krluqqiz.png\",\"width\":942,\"height\":784},{\"@type\":\"WebPage\",\"@id\":\"https:\/\/www.moesphones.de\/startseite\/privatanwender-it\/#webpage\",\"url\":\"https:\/\/www.moesphones.de\/startseite\/privatanwender-it\/\",\"name\":\"Privatanwender IT - MK Mobile GmbH\",\"isPartOf\":{\"@id\":\"https:\/\/www.moesphones.de\/startseite\/#website\"},\"primaryImageOfPage\":{\"@id\":\"https:\/\/www.moesphones.de\/startseite\/privatanwender-it\/#primaryimage\"},\"datePublished\":\"2021-07-19T16:01:41+00:00\",\"dateModified\":\"2021-07-28T12:37:18+00:00\",\"description\":\"Reparatur Profis mit 24h Service, Business Betreuung & Online-Shop. Olching, Gilching, Eichenau, Germering, M\\u00fcnchen, Pasing, Puchheim, Gr\\u00f6benzell, Emmering.\",\"breadcrumb\":{\"@id\":\"https:\/\/www.moesphones.de\/startseite\/privatanwender-it\/#breadcrumb\"},\"inLanguage\":\"de\",\"potentialAction\":[{\"@type\":\"ReadAction\",\"target\":[\"https:\/\/www.moesphones.de\/startseite\/privatanwender-it\/\"]}]},{\"@type\":\"BreadcrumbList\",\"@id\":\"https:\/\/www.moesphones.de\/startseite\/privatanwender-it\/#breadcrumb\",\"itemListElement\":[{\"@type\":\"ListItem\",\"position\":1,\"name\":\"Startseite\",\"item\":\"https:\/\/www.moesphones.de\/startseite\/\"},{\"@type\":\"ListItem\",\"position\":2,\"name\":\"Privatanwender IT\"}]}]}<\/script>\n<!-- \/ Yoast SEO Premium plugin. -->","yoast_head_json":{"title":"Privatanwender IT - MK Mobile GmbH","description":"Reparatur Profis mit 24h Service, Business Betreuung & Online-Shop. Olching, Gilching, Eichenau, Germering, M\u00fcnchen, Pasing, Puchheim, Gr\u00f6benzell, Emmering.","robots":{"index":"index","follow":"follow","max-snippet":"max-snippet:-1","max-image-preview":"max-image-preview:large","max-video-preview":"max-video-preview:-1"},"canonical":"https:\/\/www.moesphones.de\/startseite\/privatanwender-it\/","og_locale":"de_DE","og_type":"article","og_title":"Privatanwender IT","og_description":"Reparatur Profis mit 24h Service, Business Betreuung & Online-Shop. Olching, Gilching, Eichenau, Germering, M\u00fcnchen, Pasing, Puchheim, Gr\u00f6benzell, Emmering.","og_url":"https:\/\/www.moesphones.de\/startseite\/privatanwender-it\/","og_site_name":"MK Mobile GmbH","article_modified_time":"2021-07-28T12:37:18+00:00","og_image":[{"url":"https:\/\/www.moesphones.de\/wp-content\/uploads\/2021\/07\/smartmockups_krluqqiz.png"}],"twitter_card":"summary_large_image","twitter_misc":{"Gesch\u00e4tzte Lesezeit":"1\u00a0Minute"},"schema":{"@context":"https:\/\/schema.org","@graph":[{"@type":"Organization","@id":"https:\/\/www.moesphones.de\/startseite\/#organization","name":"MK-Mobile","url":"https:\/\/www.moesphones.de\/startseite\/","sameAs":[],"logo":{"@type":"ImageObject","@id":"https:\/\/www.moesphones.de\/startseite\/#logo","inLanguage":"de","url":"https:\/\/www.moesphones.de\/wp-content\/uploads\/2021\/07\/mk-mobile-logo.svg","contentUrl":"https:\/\/www.moesphones.de\/wp-content\/uploads\/2021\/07\/mk-mobile-logo.svg","caption":"MK-Mobile"},"image":{"@id":"https:\/\/www.moesphones.de\/startseite\/#logo"}},{"@type":"WebSite","@id":"https:\/\/www.moesphones.de\/startseite\/#website","url":"https:\/\/www.moesphones.de\/startseite\/","name":"MK Mobile GmbH","description":"Die Allroundwerkstatt aus Puchheim","publisher":{"@id":"https:\/\/www.moesphones.de\/startseite\/#organization"},"potentialAction":[{"@type":"SearchAction","target":{"@type":"EntryPoint","urlTemplate":"https:\/\/www.moesphones.de\/startseite\/?s={search_term_string}"},"query-input":"required name=search_term_string"}],"inLanguage":"de"},{"@type":"ImageObject","@id":"https:\/\/www.moesphones.de\/startseite\/privatanwender-it\/#primaryimage","inLanguage":"de","url":"https:\/\/www.moesphones.de\/wp-content\/uploads\/2021\/07\/smartmockups_krluqqiz.png","contentUrl":"https:\/\/www.moesphones.de\/wp-content\/uploads\/2021\/07\/smartmockups_krluqqiz.png","width":942,"height":784},{"@type":"WebPage","@id":"https:\/\/www.moesphones.de\/startseite\/privatanwender-it\/#webpage","url":"https:\/\/www.moesphones.de\/startseite\/privatanwender-it\/","name":"Privatanwender IT - MK Mobile GmbH","isPartOf":{"@id":"https:\/\/www.moesphones.de\/startseite\/#website"},"primaryImageOfPage":{"@id":"https:\/\/www.moesphones.de\/startseite\/privatanwender-it\/#primaryimage"},"datePublished":"2021-07-19T16:01:41+00:00","dateModified":"2021-07-28T12:37:18+00:00","description":"Reparatur Profis mit 24h Service, Business Betreuung & Online-Shop. Olching, Gilching, Eichenau, Germering, M\u00fcnchen, Pasing, Puchheim, Gr\u00f6benzell, Emmering.","breadcrumb":{"@id":"https:\/\/www.moesphones.de\/startseite\/privatanwender-it\/#breadcrumb"},"inLanguage":"de","potentialAction":[{"@type":"ReadAction","target":["https:\/\/www.moesphones.de\/startseite\/privatanwender-it\/"]}]},{"@type":"BreadcrumbList","@id":"https:\/\/www.moesphones.de\/startseite\/privatanwender-it\/#breadcrumb","itemListElement":[{"@type":"ListItem","position":1,"name":"Startseite","item":"https:\/\/www.moesphones.de\/startseite\/"},{"@type":"ListItem","position":2,"name":"Privatanwender IT"}]}]}},"_links":{"self":[{"href":"https:\/\/www.moesphones.de\/startseite\/wp-json\/wp\/v2\/pages\/31","targetHints":{"allow":["GET"]}}],"collection":[{"href":"https:\/\/www.moesphones.de\/startseite\/wp-json\/wp\/v2\/pages"}],"about":[{"href":"https:\/\/www.moesphones.de\/startseite\/wp-json\/wp\/v2\/types\/page"}],"author":[{"embeddable":true,"href":"https:\/\/www.moesphones.de\/startseite\/wp-json\/wp\/v2\/users\/2"}],"replies":[{"embeddable":true,"href":"https:\/\/www.moesphones.de\/startseite\/wp-json\/wp\/v2\/comments?post=31"}],"version-history":[{"count":46,"href":"https:\/\/www.moesphones.de\/startseite\/wp-json\/wp\/v2\/pages\/31\/revisions"}],"predecessor-version":[{"id":921,"href":"https:\/\/www.moesphones.de\/startseite\/wp-json\/wp\/v2\/pages\/31\/revisions\/921"}],"wp:attachment":[{"href":"https:\/\/www.moesphones.de\/startseite\/wp-json\/wp\/v2\/media?parent=31"}],"curies":[{"name":"wp","href":"https:\/\/api.w.org\/{rel}","templated":true}]}}